{"id":1104,"date":"2023-07-24T13:59:21","date_gmt":"2023-07-24T19:59:21","guid":{"rendered":"https:\/\/activodeportes.com.mx\/?page_id=1104"},"modified":"2023-07-24T14:01:25","modified_gmt":"2023-07-24T20:01:25","slug":"ayeres","status":"publish","type":"page","link":"https:\/\/activodeportes.com.mx\/index.php\/ayeres\/","title":{"rendered":"Ayeres"},"content":{"rendered":"\t\t<div data-elementor-type=\"wp-page\" data-elementor-id=\"1104\" class=\"elementor elementor-1104\">\n\t\t\t\t\t\t<section class=\"elementor-section elementor-top-section elementor-element elementor-element-166fb28 elementor-section-boxed elementor-section-height-default elementor-section-height-default\" data-id=\"166fb28\" data-element_type=\"section\" data-e-type=\"section\">\n\t\t\t\t\t\t<div class=\"elementor-container elementor-column-gap-default\">\n\t\t\t\t\t<div class=\"elementor-column elementor-col-100 elementor-top-column elementor-element elementor-element-8173db0\" data-id=\"8173db0\" data-element_type=\"column\" data-e-type=\"column\">\n\t\t\t<div class=\"elementor-widget-wrap elementor-element-populated\">\n\t\t\t\t\t\t<div class=\"elementor-element elementor-element-f4b4bfe elementor-widget elementor-widget-heading\" data-id=\"f4b4bfe\" data-element_type=\"widget\" data-e-type=\"widget\" data-widget_type=\"heading.default\">\n\t\t\t\t<div class=\"elementor-widget-container\">\n\t\t\t\t\t<h2 class=\"elementor-heading-title elementor-size-default\">Pura nostalgia<\/h2>\t\t\t\t<\/div>\n\t\t\t\t<\/div>\n\t\t\t\t\t<\/div>\n\t\t<\/div>\n\t\t\t\t\t<\/div>\n\t\t<\/section>\n\t\t\t\t<section class=\"elementor-section elementor-top-section elementor-element elementor-element-455cb86 elementor-section-boxed elementor-section-height-default elementor-section-height-default\" data-id=\"455cb86\" data-element_type=\"section\" data-e-type=\"section\">\n\t\t\t\t\t\t<div class=\"elementor-container elementor-column-gap-default\">\n\t\t\t\t\t<div class=\"elementor-column elementor-col-100 elementor-top-column elementor-element elementor-element-ed858ab\" data-id=\"ed858ab\" data-element_type=\"column\" data-e-type=\"column\">\n\t\t\t<div class=\"elementor-widget-wrap elementor-element-populated\">\n\t\t\t\t\t\t<div class=\"elementor-element elementor-element-b70b645 elementor-widget elementor-widget-text-editor\" data-id=\"b70b645\" data-element_type=\"widget\" data-e-type=\"widget\" data-widget_type=\"text-editor.default\">\n\t\t\t\t<div class=\"elementor-widget-container\">\n\t\t\t\t\t\t\t\t\t<p style=\"text-align: center;\"><em>Recordar es vivir, se\u00f1ala el viejo acierto, nosotros compartimos, con todos ustedes im\u00e1genes evocadoras que, con seguridad, les llevar\u00e1n a conocer los entretelones de algunos de los pasajes notables del deporte en M\u00e9xico y m\u00e1s all\u00e1 de nuestras fronteras.<\/em><\/p><p style=\"text-align: center;\"><em>Disfr\u00fatenlo.<\/em><\/p>\t\t\t\t\t\t\t\t<\/div>\n\t\t\t\t<\/div>\n\t\t\t\t\t<\/div>\n\t\t<\/div>\n\t\t\t\t\t<\/div>\n\t\t<\/section>\n\t\t\t\t<section class=\"elementor-section elementor-top-section elementor-element elementor-element-16a93f5 elementor-section-boxed elementor-section-height-default elementor-section-height-default\" data-id=\"16a93f5\" data-element_type=\"section\" data-e-type=\"section\">\n\t\t\t\t\t\t<div class=\"elementor-container elementor-column-gap-default\">\n\t\t\t\t\t<div class=\"elementor-column elementor-col-100 elementor-top-column elementor-element elementor-element-31d3622\" data-id=\"31d3622\" data-element_type=\"column\" data-e-type=\"column\">\n\t\t\t<div class=\"elementor-widget-wrap elementor-element-populated\">\n\t\t\t\t\t\t<div class=\"elementor-element elementor-element-c7794a6 elementor-widget elementor-widget-html\" data-id=\"c7794a6\" data-element_type=\"widget\" data-e-type=\"widget\" data-widget_type=\"html.default\">\n\t\t\t\t<div class=\"elementor-widget-container\">\n\t\t\t\t\t<div id=\"envira-gallery-wrap-1056\" class=\"envira-gallery-wrap envira-gallery-theme-base envira-lightbox-theme-base\" itemscope itemtype=\"https:\/\/schema.org\/ImageGallery\"><div data-row-height=\"\" data-gallery-theme=\"\" id=\"envira-gallery-1056\" class=\"envira-gallery-public  envira-gallery-3-columns envira-clear enviratope envira-gallery-css-animations\" data-envira-columns=\"3\"><div id=\"envira-gallery-item-1058\" class=\"envira-gallery-item enviratope-item envira-gallery-item-1 envira-lazy-load\" style=\"padding-left: 5px; padding-bottom: 10px; padding-right: 5px;\"  itemscope itemtype=\"https:\/\/schema.org\/ImageObject\"><div class=\"envira-gallery-item-inner\"><div class=\"envira-gallery-position-overlay  envira-gallery-top-left\"><\/div><div class=\"envira-gallery-position-overlay  envira-gallery-top-right\"><\/div><div class=\"envira-gallery-position-overlay  envira-gallery-bottom-left\"><\/div><div class=\"envira-gallery-position-overlay  envira-gallery-bottom-right\"><\/div><a href=\"http:\/\/activodeportes.com.mx\/wp-content\/uploads\/2023\/07\/Galeria-de-fotos-1.jpg\" class=\"envira-gallery-1056 envira-gallery-link\" rel=\"enviragallery1056\" title=\"Galeria de fotos 1\" data-envira-caption=\"Galeria de fotos 1\" data-envira-retina=\"\" data-thumbnail=\"\"  itemprop=\"contentUrl\"><div class=\"envira-lazy\" data-test-width=\"640\" data-test-height=\"480\" style=\"padding-bottom:75%;\"><img decoding=\"async\" id=\"envira-gallery-image-1058\" class=\"envira-gallery-image envira-gallery-image-1\" data-envira-index=\"1\" src=\"https:\/\/activodeportes.com.mx\/wp-content\/uploads\/2023\/07\/Galeria-de-fotos-1-1024x687-640x480.jpg\" data-envira-src=\"https:\/\/activodeportes.com.mx\/wp-content\/uploads\/2023\/07\/Galeria-de-fotos-1-1024x687-640x480.jpg\" data-envira-gallery-id=\"1056\" data-envira-item-id=\"1058\" data-envira-caption=\"Galeria de fotos 1\" alt=\"\" title=\"Galeria de fotos 1\"  itemprop=\"thumbnailUrl\" data-envira-srcset=\"https:\/\/activodeportes.com.mx\/wp-content\/uploads\/2023\/07\/Galeria-de-fotos-1-1024x687-640x480.jpg 400w,https:\/\/activodeportes.com.mx\/wp-content\/uploads\/2023\/07\/Galeria-de-fotos-1-1024x687-640x480.jpg 2x\" srcset=\"data:image\/gif;base64,R0lGODlhAQABAIAAAP\/\/\/\/\/\/\/yH5BAEKAAEALAAAAAABAAEAAAICTAEAOw==\" \/><\/div><\/a><\/div><\/div><div id=\"envira-gallery-item-1059\" class=\"envira-gallery-item enviratope-item envira-gallery-item-2 envira-lazy-load\" style=\"padding-left: 5px; padding-bottom: 10px; padding-right: 5px;\"  itemscope itemtype=\"https:\/\/schema.org\/ImageObject\"><div class=\"envira-gallery-item-inner\"><div class=\"envira-gallery-position-overlay  envira-gallery-top-left\"><\/div><div class=\"envira-gallery-position-overlay  envira-gallery-top-right\"><\/div><div class=\"envira-gallery-position-overlay  envira-gallery-bottom-left\"><\/div><div class=\"envira-gallery-position-overlay  envira-gallery-bottom-right\"><\/div><a href=\"http:\/\/activodeportes.com.mx\/wp-content\/uploads\/2023\/07\/Galeria-de-fotos-2.jpg\" class=\"envira-gallery-1056 envira-gallery-link\" rel=\"enviragallery1056\" title=\"Galeria de fotos 2\" data-envira-caption=\"Galeria de fotos 2\" data-envira-retina=\"\" data-thumbnail=\"\"  itemprop=\"contentUrl\"><div class=\"envira-lazy\" data-test-width=\"640\" data-test-height=\"480\" style=\"padding-bottom:75%;\"><img decoding=\"async\" id=\"envira-gallery-image-1059\" class=\"envira-gallery-image envira-gallery-image-2\" data-envira-index=\"2\" src=\"https:\/\/activodeportes.com.mx\/wp-content\/uploads\/2023\/07\/Galeria-de-fotos-2-1024x745-640x480.jpg\" data-envira-src=\"https:\/\/activodeportes.com.mx\/wp-content\/uploads\/2023\/07\/Galeria-de-fotos-2-1024x745-640x480.jpg\" data-envira-gallery-id=\"1056\" data-envira-item-id=\"1059\" data-envira-caption=\"Galeria de fotos 2\" alt=\"\" title=\"Galeria de fotos 2\"  itemprop=\"thumbnailUrl\" data-envira-srcset=\"https:\/\/activodeportes.com.mx\/wp-content\/uploads\/2023\/07\/Galeria-de-fotos-2-1024x745-640x480.jpg 400w,https:\/\/activodeportes.com.mx\/wp-content\/uploads\/2023\/07\/Galeria-de-fotos-2-1024x745-640x480.jpg 2x\" srcset=\"data:image\/gif;base64,R0lGODlhAQABAIAAAP\/\/\/\/\/\/\/yH5BAEKAAEALAAAAAABAAEAAAICTAEAOw==\" \/><\/div><\/a><\/div><\/div><div id=\"envira-gallery-item-1060\" class=\"envira-gallery-item enviratope-item envira-gallery-item-3 envira-lazy-load\" style=\"padding-left: 5px; padding-bottom: 10px; padding-right: 5px;\"  itemscope itemtype=\"https:\/\/schema.org\/ImageObject\"><div class=\"envira-gallery-item-inner\"><div class=\"envira-gallery-position-overlay  envira-gallery-top-left\"><\/div><div class=\"envira-gallery-position-overlay  envira-gallery-top-right\"><\/div><div class=\"envira-gallery-position-overlay  envira-gallery-bottom-left\"><\/div><div class=\"envira-gallery-position-overlay  envira-gallery-bottom-right\"><\/div><a href=\"http:\/\/activodeportes.com.mx\/wp-content\/uploads\/2023\/07\/Galeria-de-fotos-3.jpg\" class=\"envira-gallery-1056 envira-gallery-link\" rel=\"enviragallery1056\" title=\"Galeria de fotos 3\" data-envira-caption=\"Galeria de fotos 3\" data-envira-retina=\"\" data-thumbnail=\"\"  itemprop=\"contentUrl\"><div class=\"envira-lazy\" data-test-width=\"640\" data-test-height=\"480\" style=\"padding-bottom:75%;\"><img decoding=\"async\" id=\"envira-gallery-image-1060\" class=\"envira-gallery-image envira-gallery-image-3\" data-envira-index=\"3\" src=\"https:\/\/activodeportes.com.mx\/wp-content\/uploads\/2023\/07\/Galeria-de-fotos-3-817x1024-640x480.jpg\" data-envira-src=\"https:\/\/activodeportes.com.mx\/wp-content\/uploads\/2023\/07\/Galeria-de-fotos-3-817x1024-640x480.jpg\" data-envira-gallery-id=\"1056\" data-envira-item-id=\"1060\" data-envira-caption=\"Galeria de fotos 3\" alt=\"\" title=\"Galeria de fotos 3\"  itemprop=\"thumbnailUrl\" data-envira-srcset=\"https:\/\/activodeportes.com.mx\/wp-content\/uploads\/2023\/07\/Galeria-de-fotos-3-817x1024-640x480.jpg 400w,https:\/\/activodeportes.com.mx\/wp-content\/uploads\/2023\/07\/Galeria-de-fotos-3-817x1024-640x480.jpg 2x\" srcset=\"data:image\/gif;base64,R0lGODlhAQABAIAAAP\/\/\/\/\/\/\/yH5BAEKAAEALAAAAAABAAEAAAICTAEAOw==\" \/><\/div><\/a><\/div><\/div><div id=\"envira-gallery-item-1057\" class=\"envira-gallery-item enviratope-item envira-gallery-item-4 envira-lazy-load\" style=\"padding-left: 5px; padding-bottom: 10px; padding-right: 5px;\"  itemscope itemtype=\"https:\/\/schema.org\/ImageObject\"><div class=\"envira-gallery-item-inner\"><div class=\"envira-gallery-position-overlay  envira-gallery-top-left\"><\/div><div class=\"envira-gallery-position-overlay  envira-gallery-top-right\"><\/div><div class=\"envira-gallery-position-overlay  envira-gallery-bottom-left\"><\/div><div class=\"envira-gallery-position-overlay  envira-gallery-bottom-right\"><\/div><a href=\"http:\/\/activodeportes.com.mx\/wp-content\/uploads\/2023\/07\/Galeria-de-fotos-4.jpg\" class=\"envira-gallery-1056 envira-gallery-link\" rel=\"enviragallery1056\" title=\"Galeria de fotos 4\" data-envira-caption=\"Galeria de fotos 4\" data-envira-retina=\"\" data-thumbnail=\"\"  itemprop=\"contentUrl\"><div class=\"envira-lazy\" data-test-width=\"640\" data-test-height=\"480\" style=\"padding-bottom:75%;\"><img decoding=\"async\" id=\"envira-gallery-image-1057\" class=\"envira-gallery-image envira-gallery-image-4\" data-envira-index=\"4\" src=\"https:\/\/activodeportes.com.mx\/wp-content\/uploads\/2023\/07\/Galeria-de-fotos-4-1024x638-640x480.jpg\" data-envira-src=\"https:\/\/activodeportes.com.mx\/wp-content\/uploads\/2023\/07\/Galeria-de-fotos-4-1024x638-640x480.jpg\" data-envira-gallery-id=\"1056\" data-envira-item-id=\"1057\" data-envira-caption=\"Galeria de fotos 4\" alt=\"\u00bfPuedes reconocer alguno de ellos?\" title=\"Galeria de fotos 4\"  itemprop=\"thumbnailUrl\" data-envira-srcset=\"https:\/\/activodeportes.com.mx\/wp-content\/uploads\/2023\/07\/Galeria-de-fotos-4-1024x638-640x480.jpg 400w,https:\/\/activodeportes.com.mx\/wp-content\/uploads\/2023\/07\/Galeria-de-fotos-4-1024x638-640x480.jpg 2x\" srcset=\"data:image\/gif;base64,R0lGODlhAQABAIAAAP\/\/\/\/\/\/\/yH5BAEKAAEALAAAAAABAAEAAAICTAEAOw==\" \/><\/div><\/a><\/div><\/div><\/div><\/div><noscript><img decoding=\"async\" src=\"https:\/\/activodeportes.com.mx\/wp-content\/uploads\/2023\/07\/Galeria-de-fotos-1.jpg\" alt=\"\" \/><img decoding=\"async\" src=\"https:\/\/activodeportes.com.mx\/wp-content\/uploads\/2023\/07\/Galeria-de-fotos-2.jpg\" alt=\"\" \/><img decoding=\"async\" src=\"https:\/\/activodeportes.com.mx\/wp-content\/uploads\/2023\/07\/Galeria-de-fotos-3.jpg\" alt=\"\" \/><img decoding=\"async\" src=\"https:\/\/activodeportes.com.mx\/wp-content\/uploads\/2023\/07\/Galeria-de-fotos-4.jpg\" alt=\"\u00bfPuedes reconocer alguno de ellos?\" \/><\/noscript>\t\t\t\t<\/div>\n\t\t\t\t<\/div>\n\t\t\t\t\t<\/div>\n\t\t<\/div>\n\t\t\t\t\t<\/div>\n\t\t<\/section>\n\t\t\t\t<\/div>\n\t\t","protected":false},"excerpt":{"rendered":"<p>Pura nostalgia Recordar es vivir, se\u00f1ala el viejo acierto, nosotros compartimos, con todos ustedes im\u00e1genes evocadoras que, con seguridad, les llevar\u00e1n a conocer los entretelones de algunos de los pasajes&hellip; <\/p>\n","protected":false},"author":2,"featured_media":0,"parent":0,"menu_order":0,"comment_status":"closed","ping_status":"closed","template":"","meta":{"_monsterinsights_skip_tracking":false,"_monsterinsights_sitenote_active":false,"_monsterinsights_sitenote_note":"","_monsterinsights_sitenote_category":0,"footnotes":""},"class_list":["post-1104","page","type-page","status-publish","hentry"],"_links":{"self":[{"href":"https:\/\/activodeportes.com.mx\/index.php\/wp-json\/wp\/v2\/pages\/1104","targetHints":{"allow":["GET"]}}],"collection":[{"href":"https:\/\/activodeportes.com.mx\/index.php\/wp-json\/wp\/v2\/pages"}],"about":[{"href":"https:\/\/activodeportes.com.mx\/index.php\/wp-json\/wp\/v2\/types\/page"}],"author":[{"embeddable":true,"href":"https:\/\/activodeportes.com.mx\/index.php\/wp-json\/wp\/v2\/users\/2"}],"replies":[{"embeddable":true,"href":"https:\/\/activodeportes.com.mx\/index.php\/wp-json\/wp\/v2\/comments?post=1104"}],"version-history":[{"count":6,"href":"https:\/\/activodeportes.com.mx\/index.php\/wp-json\/wp\/v2\/pages\/1104\/revisions"}],"predecessor-version":[{"id":1110,"href":"https:\/\/activodeportes.com.mx\/index.php\/wp-json\/wp\/v2\/pages\/1104\/revisions\/1110"}],"wp:attachment":[{"href":"https:\/\/activodeportes.com.mx\/index.php\/wp-json\/wp\/v2\/media?parent=1104"}],"curies":[{"name":"wp","href":"https:\/\/api.w.org\/{rel}","templated":true}]}}